{"id":3005,"date":"2020-09-27T17:19:24","date_gmt":"2020-09-27T16:19:24","guid":{"rendered":"https:\/\/weblog.hildania.de\/?page_id=3005"},"modified":"2020-09-27T17:19:24","modified_gmt":"2020-09-27T16:19:24","slug":"faktencheck-linksammlung","status":"publish","type":"page","link":"https:\/\/weblog.hildania.de\/index.php\/faktencheck-linksammlung\/","title":{"rendered":"Faktencheck-Linksammlung"},"content":{"rendered":"\n<p>Sammlung von Links zum Pr\u00fcfen von Informationen von<\/p>\n\n\n\n<ul class=\"wp-block-list\">\n<li>(A-) Sozialen Medien<\/li>\n\n\n\n<li>(Ketten-) Mails, Spam, Phishing, &#8230;<\/li>\n\n\n\n<li>Nachrichten<\/li>\n\n\n\n<li>Messenger (Telegram, WhatsApp, &#8230;)<\/li>\n<\/ul>\n\n\n\n<h2 class=\"wp-block-heading\">Deutschsprachige Links<\/h2>\n\n\n\n<ul class=\"wp-block-list\">\n<li><a href=\"https:\/\/hoax-info.tubit.tu-berlin.de\/hoax\/\">Hoax-Info Service<\/a><\/li>\n\n\n\n<li><a href=\"https:\/\/dergoldenealuhut.de\/\">Der goldene Aluhut<\/a> (inkl. Brosch\u00fcre mit Links etc.)<\/li>\n\n\n\n<li><a href=\"https:\/\/www.mimikama.at\/\">MIMIKAMA<\/a> (\u00f6sterreichischer Verein mit dem Ziel der Aufkl\u00e4rung \u00fcber Internetmissbrauch)<\/li>\n\n\n\n<li><a href=\"https:\/\/correctiv.org\/\">CORREKTIV<\/a> (gemeinn\u00fctziges Recherchezentrum)<\/li>\n\n\n\n<li><a href=\"https:\/\/www.heise.de\/thema\/Fake-News\">Heise Online: Fake News<\/a><\/li>\n\n\n\n<li><a href=\"https:\/\/hoaxmap.org\/index.html\">HOAXmap<\/a> (Tipp via Radio 1)<\/li>\n\n\n\n<li><a href=\"https:\/\/www.volksverpetzer.de\/\" target=\"_blank\" rel=\"noreferrer noopener\">Volksverpetzer<\/a><\/li>\n<\/ul>\n\n\n\n<h2 class=\"wp-block-heading\">Internationale Links<\/h2>\n\n\n\n<ul class=\"wp-block-list\">\n<li><a href=\"https:\/\/www.factcheck.org\/\">factcheck.org<\/a> <\/li>\n\n\n\n<li><a href=\"https:\/\/www.snopes.com\/\">snopes.com<\/a><\/li>\n\n\n\n<li><a href=\"https:\/\/www.thatsnonsense.com\/\">thatsnonsense.com<\/a><\/li>\n\n\n\n<li><a href=\"https:\/\/www.callingbullshit.org\/index.html\">Calling Bullshit<\/a><\/li>\n<\/ul>\n\n\n\n<h2 class=\"wp-block-heading\">Literatur<\/h2>\n\n\n\n<p>Katharina Nocun und Pia Lamberty, <strong><a href=\"https:\/\/www.luebbe.de\/quadriga\/buecher\/gesellschaft\/fake-facts\/id_7818123\">Fake Facts &#8211; Wie Verschw\u00f6rungstheorien unser Denken bestimmen<\/a><\/strong>, Quadriga<a href=\"https:\/\/www.luebbe.de\/quadriga\/buecher\/gesellschaft\/fake-facts\/id_7818123\" data-type=\"URL\" data-id=\"https:\/\/www.luebbe.de\/quadriga\/buecher\/gesellschaft\/fake-facts\/id_7818123\"><br \/><\/a><\/p>\n\n\n\n<p>Hierzu eine <a href=\"https:\/\/lagedernation.org\/2020\/05\/18\/ldn190-corona-update-wirtschaft-vs-gesundheit-corona-proteste-verschwoerungsthesen-interview-katharina-nocun-klima-gutachten\/\">sch\u00f6ne Folge<\/a> von der <a href=\"https:\/\/lagedernation.org\/\">Lage der Nation<\/a>.<\/p>\n\n\n\n<h2 class=\"wp-block-heading\">Tipps zum Umgang mit Verschw\u00f6rungserz\u00e4hler*innen<\/h2>\n\n\n\n<ul class=\"wp-block-list\">\n<li><a href=\"https:\/\/editionf.com\/sechs-tipps-gegen-hass-und-verschwoerungstheorien\/\">Sechs Tipps f\u00fcr den Umgang mit Verschw\u00f6rungstheoretiker*innen<\/a><\/li>\n\n\n\n<li><a href=\"https:\/\/netzpolitik.org\/2020\/wenn-die-eltern-ploetzlich-an-verschwoerungstheorien-glauben-corona-pandemie\/#vorschaltbanner\">Wenn die Eltern pl\u00f6tzlich an Verschw\u00f6rungstheorien glauben<\/a><\/li>\n\n\n\n<li><a href=\"https:\/\/www.dirkvongehlen.de\/netz\/fuenf-abschliessende-saetze-fuer-wissenschaftszweifelnde-hygiene-demonstrierende-in-meiner-timeline\/\">F\u00fcnf abschlie\u00dfende S\u00e4tze f\u00fcr wissenschaftszweifelnde Hygiene-Demonstrierende in meiner Timeline<\/a><\/li>\n<\/ul>\n","protected":false},"excerpt":{"rendered":"<p>Sammlung von Links zum Pr\u00fcfen von Informationen von Deutschsprachige Links Internationale Links Literatur Katharina Nocun und Pia Lamberty, Fake Facts &#8211; Wie Verschw\u00f6rungstheorien unser Denken bestimmen, Quadriga Hierzu eine sch\u00f6ne Folge von der Lage der Nation. Tipps zum Umgang mit Verschw\u00f6rungserz\u00e4hler*innen<\/p>\n","protected":false},"author":1,"featured_media":0,"parent":0,"menu_order":0,"comment_status":"closed","ping_status":"closed","template":"","meta":{"footnotes":""},"class_list":["post-3005","page","type-page","status-publish","hentry"],"_links":{"self":[{"href":"https:\/\/weblog.hildania.de\/index.php\/wp-json\/wp\/v2\/pages\/3005","targetHints":{"allow":["GET"]}}],"collection":[{"href":"https:\/\/weblog.hildania.de\/index.php\/wp-json\/wp\/v2\/pages"}],"about":[{"href":"https:\/\/weblog.hildania.de\/index.php\/wp-json\/wp\/v2\/types\/page"}],"author":[{"embeddable":true,"href":"https:\/\/weblog.hildania.de\/index.php\/wp-json\/wp\/v2\/users\/1"}],"replies":[{"embeddable":true,"href":"https:\/\/weblog.hildania.de\/index.php\/wp-json\/wp\/v2\/comments?post=3005"}],"version-history":[{"count":0,"href":"https:\/\/weblog.hildania.de\/index.php\/wp-json\/wp\/v2\/pages\/3005\/revisions"}],"wp:attachment":[{"href":"https:\/\/weblog.hildania.de\/index.php\/wp-json\/wp\/v2\/media?parent=3005"}],"curies":[{"name":"wp","href":"https:\/\/api.w.org\/{rel}","templated":true}]}}