{"id":2815,"date":"2018-05-21T17:35:09","date_gmt":"2018-05-21T16:35:09","guid":{"rendered":"https:\/\/weblog.hildania.de\/cookie-policy\/"},"modified":"2018-05-21T17:35:09","modified_gmt":"2018-05-21T16:35:09","slug":"cookie-policy","status":"publish","type":"page","link":"https:\/\/weblog.hildania.de\/index.php\/cookie-policy\/","title":{"rendered":"Cookie Policy"},"content":{"rendered":"<h1>\u00dcber die Verwendung von Cookies<\/h1>\n<ul>\n<li>Diese Webseite basiert auf der Software <a href=\"https:\/\/wordpress.org\/\" rel=\"noopener\" target=\"_blank\">WordPress<\/a> (mehr Informationen auf den Seiten des Herstellers).<\/li>\n<li>WordPress verwendet Cookies, um einmal eingegebene Daten, wie Namen\/Pseudonyme etc. zu speichern, damit man diese nicht erneut eingeben muss.<\/li>\n<li>F\u00fcr die Benutzung der Webseite k\u00f6nnen Cookies im Browser deaktiviert werden. Dies f\u00fchrt abgesehen von evtl. n\u00f6tigen erneuten Eingaben von Daten zu keinen Einschr\u00e4nkungen.\n<ul>\n<li>Die Kommentarfunktion ist ferner so konfiguriert, dass sie keine Cookies setzt, wenn dies nicht explizit durch Anw\u00e4hlen der Checkbox gew\u00fcnscht wird.<\/li>\n<\/ul>\n<\/li>\n<li>Cookies werden hier nicht zum Tracking von Benutzerinformationen verwendet.<\/li>\n<li>Weitere Informationen siehe <a href=\"https:\/\/weblog.hildania.de\/datenschutzerklaerung\/\" rel=\"noopener\" target=\"_blank\">Datenschutzerkl\u00e4rung<\/a>!<\/li>\n<\/ul>\n","protected":false},"excerpt":{"rendered":"<p>\u00dcber die Verwendung von Cookies Diese Webseite basiert auf der Software WordPress (mehr Informationen auf den Seiten des Herstellers). WordPress verwendet Cookies, um einmal eingegebene Daten, wie Namen\/Pseudonyme etc. zu speichern, damit man diese nicht erneut eingeben muss. F\u00fcr die Benutzung der Webseite k\u00f6nnen Cookies im Browser deaktiviert werden. Dies f\u00fchrt abgesehen von evtl. n\u00f6tigen &hellip; <a href=\"https:\/\/weblog.hildania.de\/index.php\/cookie-policy\/\" class=\"more-link\"><span class=\"screen-reader-text\">Cookie Policy<\/span> weiterlesen<\/a><\/p>\n","protected":false},"author":1,"featured_media":0,"parent":0,"menu_order":0,"comment_status":"closed","ping_status":"closed","template":"","meta":{"footnotes":""},"class_list":["post-2815","page","type-page","status-publish","hentry"],"_links":{"self":[{"href":"https:\/\/weblog.hildania.de\/index.php\/wp-json\/wp\/v2\/pages\/2815","targetHints":{"allow":["GET"]}}],"collection":[{"href":"https:\/\/weblog.hildania.de\/index.php\/wp-json\/wp\/v2\/pages"}],"about":[{"href":"https:\/\/weblog.hildania.de\/index.php\/wp-json\/wp\/v2\/types\/page"}],"author":[{"embeddable":true,"href":"https:\/\/weblog.hildania.de\/index.php\/wp-json\/wp\/v2\/users\/1"}],"replies":[{"embeddable":true,"href":"https:\/\/weblog.hildania.de\/index.php\/wp-json\/wp\/v2\/comments?post=2815"}],"version-history":[{"count":0,"href":"https:\/\/weblog.hildania.de\/index.php\/wp-json\/wp\/v2\/pages\/2815\/revisions"}],"wp:attachment":[{"href":"https:\/\/weblog.hildania.de\/index.php\/wp-json\/wp\/v2\/media?parent=2815"}],"curies":[{"name":"wp","href":"https:\/\/api.w.org\/{rel}","templated":true}]}}