{"id":2703,"date":"2015-05-15T13:36:21","date_gmt":"2015-05-15T12:36:21","guid":{"rendered":"https:\/\/weblog.hildania.de\/?page_id=2703"},"modified":"2015-05-15T13:36:21","modified_gmt":"2015-05-15T12:36:21","slug":"hildis-weblog-manifest","status":"publish","type":"page","link":"https:\/\/weblog.hildania.de\/index.php\/hildis-weblog-manifest\/","title":{"rendered":"Manifest"},"content":{"rendered":"<p>Dies ist ein rein privates Weblog ohne kommerzielle Interessen und f\u00fcr mich als reiner Kostenfaktor (keine Einnahmen, nur Ausgaben). Ich halte hier pers\u00f6nliche Erkenntnisse fest und biete die Artikel als Plattform zum Austausch an. Daraus folgen folgende Regeln:<\/p>\n<ul>\n<li>Keine Werbung! Ich schreibe ausschlie\u00dflich Testberichten und Empfehlungen aus eigener Erfahrung.<\/li>\n<li>Kein Linktausch mit Ausnahme mit anderen Blogs und Webseiten von Freunden, Bekannten oder Quellen, die ich inhaltlich f\u00fcr wichtig halte.<\/li>\n<li>Ich schreibe was ich will (gem\u00e4\u00df meiner aktuellen Interessen und Neigungen), wann ich es will und komme zu meinen eigenen Schl\u00fcssen.<\/li>\n<li>Inhalte dieser Seite sind stets subjektiv, ungefiltert aber recherchiert oder erprobt gem\u00e4\u00df meiner eigenen Qualit\u00e4tsma\u00dfst\u00e4be.<\/li>\n<li>Andere Meinungen, Kritik und Hinweise werden gerne zu jedem Artikel entgegengenommen. Ich bin nicht beratungsresistent. <\/li>\n<li>Die Inhalte dieses Blogs spiegeln immer meine pers\u00f6nliche Meinung wieder und sind allenfalls sozial beeinflusst durch meine Arbeit, staats- oder sonstiger Zugeh\u00f6rigkeit.<\/li>\n<li>Ich bitte jeden, mich auf Fehler oder z.B. rechtlich problematische Inhalte aufmerksam zu machen. Ich werden auf solche Hinweise umgehend reagieren!<\/li>\n<li>Da ich keine kommerziellen Interessen mit dem Blog verfolge, tracke ich auch kein Benutzerverhalten und mache auch keine Analysen \u00fcber zugriffe. <\/li>\n<\/ul>\n<p><em>Version 2.0<\/em><\/p>\n","protected":false},"excerpt":{"rendered":"<p>Dies ist ein rein privates Weblog ohne kommerzielle Interessen und f\u00fcr mich als reiner Kostenfaktor (keine Einnahmen, nur Ausgaben). Ich halte hier pers\u00f6nliche Erkenntnisse fest und biete die Artikel als Plattform zum Austausch an. Daraus folgen folgende Regeln: Keine Werbung! Ich schreibe ausschlie\u00dflich Testberichten und Empfehlungen aus eigener Erfahrung. Kein Linktausch mit Ausnahme mit anderen &hellip; <a href=\"https:\/\/weblog.hildania.de\/index.php\/hildis-weblog-manifest\/\" class=\"more-link\"><span class=\"screen-reader-text\">Manifest<\/span> weiterlesen<\/a><\/p>\n","protected":false},"author":1,"featured_media":0,"parent":0,"menu_order":0,"comment_status":"open","ping_status":"open","template":"","meta":{"footnotes":""},"class_list":["post-2703","page","type-page","status-publish","hentry"],"_links":{"self":[{"href":"https:\/\/weblog.hildania.de\/index.php\/wp-json\/wp\/v2\/pages\/2703","targetHints":{"allow":["GET"]}}],"collection":[{"href":"https:\/\/weblog.hildania.de\/index.php\/wp-json\/wp\/v2\/pages"}],"about":[{"href":"https:\/\/weblog.hildania.de\/index.php\/wp-json\/wp\/v2\/types\/page"}],"author":[{"embeddable":true,"href":"https:\/\/weblog.hildania.de\/index.php\/wp-json\/wp\/v2\/users\/1"}],"replies":[{"embeddable":true,"href":"https:\/\/weblog.hildania.de\/index.php\/wp-json\/wp\/v2\/comments?post=2703"}],"version-history":[{"count":0,"href":"https:\/\/weblog.hildania.de\/index.php\/wp-json\/wp\/v2\/pages\/2703\/revisions"}],"wp:attachment":[{"href":"https:\/\/weblog.hildania.de\/index.php\/wp-json\/wp\/v2\/media?parent=2703"}],"curies":[{"name":"wp","href":"https:\/\/api.w.org\/{rel}","templated":true}]}}